{"id":1197,"date":"2024-01-05T13:07:18","date_gmt":"2024-01-05T13:07:18","guid":{"rendered":"https:\/\/geniessmich.ch\/?page_id=1197"},"modified":"2024-09-27T07:37:19","modified_gmt":"2024-09-27T07:37:19","slug":"anweisungen","status":"publish","type":"page","link":"https:\/\/geniessmich.ch\/?page_id=1197","title":{"rendered":"Anweisung(en)"},"content":{"rendered":"\t\t<div data-elementor-type=\"wp-page\" data-elementor-id=\"1197\" class=\"elementor elementor-1197\" data-elementor-post-type=\"page\">\n\t\t\t\t\t\t<section class=\"elementor-section elementor-top-section elementor-element elementor-element-f6dec57 elementor-section-boxed elementor-section-height-default elementor-section-height-default\" data-id=\"f6dec57\" data-element_type=\"section\" data-e-type=\"section\">\n\t\t\t\t\t\t<div class=\"elementor-container elementor-column-gap-default\">\n\t\t\t\t\t<div class=\"elementor-column elementor-col-100 elementor-top-column elementor-element elementor-element-13c543c\" data-id=\"13c543c\" data-element_type=\"column\" data-e-type=\"column\">\n\t\t\t<div class=\"elementor-widget-wrap elementor-element-populated\">\n\t\t\t\t\t\t<div class=\"elementor-element elementor-element-15a9b62 elementor-widget elementor-widget-heading\" data-id=\"15a9b62\" data-element_type=\"widget\" data-e-type=\"widget\" data-widget_type=\"heading.default\">\n\t\t\t\t<div class=\"elementor-widget-container\">\n\t\t\t\t\t<h2 class=\"elementor-heading-title elementor-size-default\">Wichtig<\/h2>\t\t\t\t<\/div>\n\t\t\t\t<\/div>\n\t\t\t\t<div class=\"elementor-element elementor-element-3a31447 elementor-widget elementor-widget-text-editor\" data-id=\"3a31447\" data-element_type=\"widget\" data-e-type=\"widget\" data-widget_type=\"text-editor.default\">\n\t\t\t\t<div class=\"elementor-widget-container\">\n\t\t\t\t\t\t\t\t\t<p><strong style=\"font-family: var( --e-global-typography-text-font-family ), Sans-serif;\">1. Adresse:<\/strong><span style=\"font-family: var( --e-global-typography-text-font-family ), Sans-serif; font-weight: var( --e-global-typography-text-font-weight );\"> Wenn ich dir meine Adresse gebe, bitte gib sie an niemanden weiter. Du kannst meine Telefonnummer an andere weitergeben, aber die Adresse nicht! Es ist absichtlich nicht auf der Webseite angegeben!<\/span><\/p><p><strong style=\"font-family: var( --e-global-typography-text-font-family ), Sans-serif;\">2. Diskretion:<\/strong><span style=\"font-family: var( --e-global-typography-text-font-family ), Sans-serif; font-weight: var( --e-global-typography-text-font-weight );\"> Bitte sei leise, wenn du ankommst, weder im Treppenhaus und auch in der Wohnung. Die W\u00e4nde sind d\u00fcnn, die T\u00fcr auch, laute Gespr\u00e4che sind h\u00f6rbar! Es ist Dir wichtig, dass zwischen uns bleibt, dass du mich besucht hast, mir auch!<\/span><\/p><p><span style=\"font-family: var( --e-global-typography-text-font-family ), Sans-serif;\">3.\u00a0<\/span><strong style=\"font-family: var( --e-global-typography-text-font-family ), Sans-serif;\">Telefonnummer:<\/strong><span style=\"font-family: var( --e-global-typography-text-font-family ), Sans-serif; font-weight: var( --e-global-typography-text-font-weight );\"> Wenn du ohne Telefonnummer schreibst (bei Telegram) oder ohne sie anrufst, werde ich nicht abheben und du kannst auch nicht zu mir kommen<\/span><\/p><p><span style=\"font-family: var( --e-global-typography-text-font-family ), Sans-serif;\">4.\u00a0<\/span><span style=\"font-family: var( --e-global-typography-text-font-family ), Sans-serif;\">Wenn du nicht normal kommunizieren kannst, werde ich dich ohne Fragen blockieren!<\/span><\/p><p><span style=\"font-family: var( --e-global-typography-text-font-family ), Sans-serif;\">5. Alkohol darf hier nicht getrunken werden, bring auch keinen mit! Rauchen ist ebenfalls AUSGESCHLOSSEN! In diesem Zustand werde ich dich nicht empfangen!<\/span><\/p><p>Danke, dass du verstehst und die oben genannten Punkte akzeptierst!<\/p><p>\u00a0<\/p><p>\u00a0<\/p>\t\t\t\t\t\t\t\t<\/div>\n\t\t\t\t<\/div>\n\t\t\t\t<div class=\"elementor-element elementor-element-28e9f32 elementor-widget-divider--view-line elementor-widget elementor-widget-divider\" data-id=\"28e9f32\" data-element_type=\"widget\" data-e-type=\"widget\" data-widget_type=\"divider.default\">\n\t\t\t\t<div class=\"elementor-widget-container\">\n\t\t\t\t\t\t\t<div class=\"elementor-divider\">\n\t\t\t<span class=\"elementor-divider-separator\">\n\t\t\t\t\t\t<\/span>\n\t\t<\/div>\n\t\t\t\t\t\t<\/div>\n\t\t\t\t<\/div>\n\t\t\t\t<div class=\"elementor-element elementor-element-77839e8 elementor-widget elementor-widget-text-editor\" data-id=\"77839e8\" data-element_type=\"widget\" data-e-type=\"widget\" data-widget_type=\"text-editor.default\">\n\t\t\t\t<div class=\"elementor-widget-container\">\n\t\t\t\t\t\t\t\t\t<p><strong>1. Address<\/strong>: If I give you my address, please do not share it with anyone. You can share my phone number with others, but NOT the address! There\u2019s a reason it\u2019s not listed on the website!<\/p><p><strong>2. Discretion<\/strong>: Please be quiet when you arrive, in the stairwell and also in the apartment. The walls are thin, the door is too, and loud conversations can be overheard! It\u2019s important for you that it remains between us that you visited me, and it\u2019s important for me too!<\/p><p><strong>3. Phone Number<\/strong>: If you write (on Telegram) or call without a phone number, I will not pick up and you won\u2019t be able to come to me.<\/p><p><strong>4.<\/strong> If you cannot communicate normally, I will block you without question!<\/p><p><strong>5.<\/strong> You cannot consume alcohol here, and do not bring any with you. Smoking weed is also EXCLUDED! I will not receive you in such a state!<\/p><p>Thank you for understanding and accepting the above!<\/p>\t\t\t\t\t\t\t\t<\/div>\n\t\t\t\t<\/div>\n\t\t\t\t\t<\/div>\n\t\t<\/div>\n\t\t\t\t\t<\/div>\n\t\t<\/section>\n\t\t\t\t<section class=\"elementor-section elementor-top-section elementor-element elementor-element-0ced96f elementor-section-boxed elementor-section-height-default elementor-section-height-default\" data-id=\"0ced96f\" data-element_type=\"section\" data-e-type=\"section\">\n\t\t\t\t\t\t<div class=\"elementor-container elementor-column-gap-default\">\n\t\t\t\t\t<div class=\"elementor-column elementor-col-100 elementor-top-column elementor-element elementor-element-85f5e0c\" data-id=\"85f5e0c\" data-element_type=\"column\" data-e-type=\"column\">\n\t\t\t<div class=\"elementor-widget-wrap elementor-element-populated\">\n\t\t\t\t\t\t<div class=\"elementor-element elementor-element-ffdfabd elementor-widget elementor-widget-heading\" data-id=\"ffdfabd\" data-element_type=\"widget\" data-e-type=\"widget\" data-widget_type=\"heading.default\">\n\t\t\t\t<div class=\"elementor-widget-container\">\n\t\t\t\t\t<h2 class=\"elementor-heading-title elementor-size-default\">Dusch-Tipps zum richtigen Duschen<\/h2>\t\t\t\t<\/div>\n\t\t\t\t<\/div>\n\t\t\t\t\t<\/div>\n\t\t<\/div>\n\t\t\t\t\t<\/div>\n\t\t<\/section>\n\t\t\t\t<section class=\"elementor-section elementor-top-section elementor-element elementor-element-96151f5 elementor-section-boxed elementor-section-height-default elementor-section-height-default\" data-id=\"96151f5\" data-element_type=\"section\" data-e-type=\"section\">\n\t\t\t\t\t\t<div class=\"elementor-container elementor-column-gap-default\">\n\t\t\t\t\t<div class=\"elementor-column elementor-col-100 elementor-top-column elementor-element elementor-element-f92549b\" data-id=\"f92549b\" data-element_type=\"column\" data-e-type=\"column\">\n\t\t\t<div class=\"elementor-widget-wrap elementor-element-populated\">\n\t\t\t\t\t\t<div class=\"elementor-element elementor-element-208d376 elementor-widget elementor-widget-text-editor\" data-id=\"208d376\" data-element_type=\"widget\" data-e-type=\"widget\" data-widget_type=\"text-editor.default\">\n\t\t\t\t<div class=\"elementor-widget-container\">\n\t\t\t\t\t\t\t\t\t<ol>\n<li><em>Gehe<\/em> unmittelbar <em>vor<\/em> der Massage duschen<\/li>\n<li>Beim Duschen bitte Duschgel verwenden!<\/li>\n<li>&nbsp;Intimbereich mit Duschgel gr\u00fcndlich waschen .<span class=\"Apple-converted-space\">&nbsp;<\/span><\/li>\n<li>Zum Intimbereich geh\u00f6rt der Schwanz, die Hoden, das Arschloch und (zwischen den )Pobacken! Komplett, von vorne bis hinten!<span class=\"Apple-converted-space\">&nbsp;<\/span><\/li>\n<li>Beim Schwanz Vorhaut nach hinten ziehen und dort auch gr\u00fcndlich, mit Duschgel waschen!<span class=\"Apple-converted-space\">&nbsp;<\/span><\/li>\n<\/ol>\n<p>Ich bin von Kopf bis Fu\u00df immer sauber, frisch geduscht. Ich achte sehr auf Hygiene und ich erwarte das auch! Immer, \u00fcberall, aber in diesen Situation finde ich extrem wichtig darauf zu achten!<\/p>\n<p>Dankesch\u00f6n<\/p>\t\t\t\t\t\t\t\t<\/div>\n\t\t\t\t<\/div>\n\t\t\t\t<div class=\"elementor-element elementor-element-c3590d8 elementor-widget-divider--view-line elementor-widget elementor-widget-divider\" data-id=\"c3590d8\" data-element_type=\"widget\" data-e-type=\"widget\" data-widget_type=\"divider.default\">\n\t\t\t\t<div class=\"elementor-widget-container\">\n\t\t\t\t\t\t\t<div class=\"elementor-divider\">\n\t\t\t<span class=\"elementor-divider-separator\">\n\t\t\t\t\t\t<\/span>\n\t\t<\/div>\n\t\t\t\t\t\t<\/div>\n\t\t\t\t<\/div>\n\t\t\t\t<div class=\"elementor-element elementor-element-dff7f95 elementor-widget elementor-widget-text-editor\" data-id=\"dff7f95\" data-element_type=\"widget\" data-e-type=\"widget\" data-widget_type=\"text-editor.default\">\n\t\t\t\t<div class=\"elementor-widget-container\">\n\t\t\t\t\t\t\t\t\t<p>1. Take a shower immediately before the massage<br \/>2.Please use shower gel when showering!<br \/>3.Wash your intimate area thoroughly with shower gel. <br \/>4.The intimate area includes the cock, the testicles, the asshole and (between the) buttocks! Completely, from front to back! <br \/>5.Pull the foreskin back on the cock and wash it thoroughly with shower gel! <\/p><p>\u00a0<\/p><p>I am always clean from head to toe, freshly showered. I pay a lot of attention to hygiene and I expect the same! Always, everywhere, but in this situation I find it extremely important to pay attention!<\/p><p>Thank you<\/p>\t\t\t\t\t\t\t\t<\/div>\n\t\t\t\t<\/div>\n\t\t\t\t\t<\/div>\n\t\t<\/div>\n\t\t\t\t\t<\/div>\n\t\t<\/section>\n\t\t\t\t<\/div>\n\t\t","protected":false},"excerpt":{"rendered":"<p>Wichtig 1. Adresse: Wenn ich dir meine Adresse gebe, bitte gib sie an niemanden weiter. Du kannst meine Telefonnummer an andere weitergeben, aber die Adresse nicht! Es ist absichtlich nicht auf der Webseite angegeben! 2. Diskretion: Bitte sei leise, wenn du ankommst, weder im Treppenhaus und auch in der Wohnung. Die W\u00e4nde sind d\u00fcnn, die &hellip; <\/p>\n<p class=\"link-more\"><a href=\"https:\/\/geniessmich.ch\/?page_id=1197\" class=\"more-link\">Read more<span class=\"screen-reader-text\"> &#8220;Anweisung(en)&#8221;<\/span><\/a><\/p>\n","protected":false},"author":1,"featured_media":0,"parent":0,"menu_order":0,"comment_status":"closed","ping_status":"closed","template":"","meta":{"_monsterinsights_skip_tracking":false,"_monsterinsights_sitenote_active":false,"_monsterinsights_sitenote_note":"","_monsterinsights_sitenote_category":0,"_glsr_average":0,"_glsr_ranking":0,"_glsr_reviews":0,"inspiro_hide_title":false,"footnotes":""},"class_list":["post-1197","page","type-page","status-publish","hentry"],"_links":{"self":[{"href":"https:\/\/geniessmich.ch\/index.php?rest_route=\/wp\/v2\/pages\/1197","targetHints":{"allow":["GET"]}}],"collection":[{"href":"https:\/\/geniessmich.ch\/index.php?rest_route=\/wp\/v2\/pages"}],"about":[{"href":"https:\/\/geniessmich.ch\/index.php?rest_route=\/wp\/v2\/types\/page"}],"author":[{"embeddable":true,"href":"https:\/\/geniessmich.ch\/index.php?rest_route=\/wp\/v2\/users\/1"}],"replies":[{"embeddable":true,"href":"https:\/\/geniessmich.ch\/index.php?rest_route=%2Fwp%2Fv2%2Fcomments&post=1197"}],"version-history":[{"count":16,"href":"https:\/\/geniessmich.ch\/index.php?rest_route=\/wp\/v2\/pages\/1197\/revisions"}],"predecessor-version":[{"id":1688,"href":"https:\/\/geniessmich.ch\/index.php?rest_route=\/wp\/v2\/pages\/1197\/revisions\/1688"}],"wp:attachment":[{"href":"https:\/\/geniessmich.ch\/index.php?rest_route=%2Fwp%2Fv2%2Fmedia&parent=1197"}],"curies":[{"name":"wp","href":"https:\/\/api.w.org\/{rel}","templated":true}]}}