{"id":246,"date":"2022-09-13T09:43:13","date_gmt":"2022-09-13T09:43:13","guid":{"rendered":"https:\/\/geniessmich.ch\/?page_id=246"},"modified":"2022-11-08T22:09:53","modified_gmt":"2022-11-08T22:09:53","slug":"termin-vereinbaren","status":"publish","type":"page","link":"https:\/\/geniessmich.ch\/?page_id=246","title":{"rendered":"Termin vereinbaren"},"content":{"rendered":"\t\t<div data-elementor-type=\"wp-page\" data-elementor-id=\"246\" class=\"elementor elementor-246\" data-elementor-post-type=\"page\">\n\t\t\t\t\t\t<section class=\"elementor-section elementor-top-section elementor-element elementor-element-8625f15 elementor-section-boxed elementor-section-height-default elementor-section-height-default\" data-id=\"8625f15\" data-element_type=\"section\" data-e-type=\"section\">\n\t\t\t\t\t\t<div class=\"elementor-container elementor-column-gap-default\">\n\t\t\t\t\t<div class=\"elementor-column elementor-col-100 elementor-top-column elementor-element elementor-element-0ca29ce\" data-id=\"0ca29ce\" data-element_type=\"column\" data-e-type=\"column\">\n\t\t\t<div class=\"elementor-widget-wrap elementor-element-populated\">\n\t\t\t\t\t\t<div class=\"elementor-element elementor-element-2ce9a37 elementor-widget elementor-widget-heading\" data-id=\"2ce9a37\" data-element_type=\"widget\" data-e-type=\"widget\" data-widget_type=\"heading.default\">\n\t\t\t\t<div class=\"elementor-widget-container\">\n\t\t\t\t\t<h1 class=\"elementor-heading-title elementor-size-default\">Meine Verf\u00fcgbarkeit<\/h1>\t\t\t\t<\/div>\n\t\t\t\t<\/div>\n\t\t\t\t\t<\/div>\n\t\t<\/div>\n\t\t\t\t\t<\/div>\n\t\t<\/section>\n\t\t\t\t<section class=\"elementor-section elementor-top-section elementor-element elementor-element-1a1962b elementor-section-boxed elementor-section-height-default elementor-section-height-default\" data-id=\"1a1962b\" data-element_type=\"section\" data-e-type=\"section\">\n\t\t\t\t\t\t<div class=\"elementor-container elementor-column-gap-default\">\n\t\t\t\t\t<div class=\"elementor-column elementor-col-100 elementor-top-column elementor-element elementor-element-359e227\" data-id=\"359e227\" data-element_type=\"column\" data-e-type=\"column\">\n\t\t\t<div class=\"elementor-widget-wrap elementor-element-populated\">\n\t\t\t\t\t\t<div class=\"elementor-element elementor-element-bdee0dc elementor-widget elementor-widget-heading\" data-id=\"bdee0dc\" data-element_type=\"widget\" data-e-type=\"widget\" data-widget_type=\"heading.default\">\n\t\t\t\t<div class=\"elementor-widget-container\">\n\t\t\t\t\t<h2 class=\"elementor-heading-title elementor-size-default\">Nicht immer, aber oft!\n<\/h2>\t\t\t\t<\/div>\n\t\t\t\t<\/div>\n\t\t\t\t\t<\/div>\n\t\t<\/div>\n\t\t\t\t\t<\/div>\n\t\t<\/section>\n\t\t\t\t<section class=\"elementor-section elementor-top-section elementor-element elementor-element-e495fdb elementor-section-boxed elementor-section-height-default elementor-section-height-default\" data-id=\"e495fdb\" data-element_type=\"section\" data-e-type=\"section\">\n\t\t\t\t\t\t<div class=\"elementor-container elementor-column-gap-default\">\n\t\t\t\t\t<div class=\"elementor-column elementor-col-100 elementor-top-column elementor-element elementor-element-8a36308\" data-id=\"8a36308\" data-element_type=\"column\" data-e-type=\"column\">\n\t\t\t<div class=\"elementor-widget-wrap elementor-element-populated\">\n\t\t\t\t\t\t<div class=\"elementor-element elementor-element-bcd3d80 elementor-widget elementor-widget-text-editor\" data-id=\"bcd3d80\" data-element_type=\"widget\" data-e-type=\"widget\" data-widget_type=\"text-editor.default\">\n\t\t\t\t<div class=\"elementor-widget-container\">\n\t\t\t\t\t\t\t\t\t<p>Da ich noch einer anderen T\u00e4tigkeit nachgehe, bin ich f\u00fcr Massage nicht immer sofort erreichbar!\u00a0<\/p>\t\t\t\t\t\t\t\t<\/div>\n\t\t\t\t<\/div>\n\t\t\t\t\t<\/div>\n\t\t<\/div>\n\t\t\t\t\t<\/div>\n\t\t<\/section>\n\t\t\t\t<section class=\"elementor-section elementor-top-section elementor-element elementor-element-1424c83 elementor-section-boxed elementor-section-height-default elementor-section-height-default\" data-id=\"1424c83\" data-element_type=\"section\" data-e-type=\"section\">\n\t\t\t\t\t\t<div class=\"elementor-container elementor-column-gap-default\">\n\t\t\t\t\t<div class=\"elementor-column elementor-col-100 elementor-top-column elementor-element elementor-element-ccce38f\" data-id=\"ccce38f\" data-element_type=\"column\" data-e-type=\"column\">\n\t\t\t<div class=\"elementor-widget-wrap elementor-element-populated\">\n\t\t\t\t\t\t<div class=\"elementor-element elementor-element-bbf3812 elementor-widget elementor-widget-text-editor\" data-id=\"bbf3812\" data-element_type=\"widget\" data-e-type=\"widget\" data-widget_type=\"text-editor.default\">\n\t\t\t\t<div class=\"elementor-widget-container\">\n\t\t\t\t\t\t\t\t\t<p><span style=\"text-decoration: underline;\"><strong>Mindestens eine Stunde vor dem gew\u00fcnschten Termin anrufen!<\/strong><\/span><\/p>\t\t\t\t\t\t\t\t<\/div>\n\t\t\t\t<\/div>\n\t\t\t\t\t<\/div>\n\t\t<\/div>\n\t\t\t\t\t<\/div>\n\t\t<\/section>\n\t\t\t\t<section class=\"elementor-section elementor-top-section elementor-element elementor-element-32ec16b elementor-section-boxed elementor-section-height-default elementor-section-height-default\" data-id=\"32ec16b\" data-element_type=\"section\" data-e-type=\"section\">\n\t\t\t\t\t\t<div class=\"elementor-container elementor-column-gap-default\">\n\t\t\t\t\t<div class=\"elementor-column elementor-col-100 elementor-top-column elementor-element elementor-element-96a7e90\" data-id=\"96a7e90\" data-element_type=\"column\" data-e-type=\"column\">\n\t\t\t<div class=\"elementor-widget-wrap elementor-element-populated\">\n\t\t\t\t\t\t<div class=\"elementor-element elementor-element-de97364 elementor-widget elementor-widget-text-editor\" data-id=\"de97364\" data-element_type=\"widget\" data-e-type=\"widget\" data-widget_type=\"text-editor.default\">\n\t\t\t\t<div class=\"elementor-widget-container\">\n\t\t\t\t\t\t\t\t\t<p>\u00a0Montag &#8211; Freitag \u00a0 9 &#8211; 23 Uhr<\/p><p>\u00a0Samstag \u00a0 \u00a0 10 &#8211; 21 Uhr<\/p><p>\u00a0Sonntag \u00a0 \u00a0 10 &#8211; 21 Uhr<\/p>\t\t\t\t\t\t\t\t<\/div>\n\t\t\t\t<\/div>\n\t\t\t\t\t<\/div>\n\t\t<\/div>\n\t\t\t\t\t<\/div>\n\t\t<\/section>\n\t\t\t\t<section class=\"elementor-section elementor-top-section elementor-element elementor-element-d9bbdf2 elementor-section-boxed elementor-section-height-default elementor-section-height-default elementor-invisible\" data-id=\"d9bbdf2\" data-element_type=\"section\" data-e-type=\"section\" data-settings=\"{&quot;animation&quot;:&quot;fadeInDown&quot;}\">\n\t\t\t\t\t\t<div class=\"elementor-container elementor-column-gap-default\">\n\t\t\t\t\t<div class=\"elementor-column elementor-col-100 elementor-top-column elementor-element elementor-element-98b485a\" data-id=\"98b485a\" data-element_type=\"column\" data-e-type=\"column\">\n\t\t\t<div class=\"elementor-widget-wrap elementor-element-populated\">\n\t\t\t\t\t\t<div class=\"elementor-element elementor-element-66977ee elementor-widget elementor-widget-heading\" data-id=\"66977ee\" data-element_type=\"widget\" data-e-type=\"widget\" data-widget_type=\"heading.default\">\n\t\t\t\t<div class=\"elementor-widget-container\">\n\t\t\t\t\t<h2 class=\"elementor-heading-title elementor-size-default\">Meine Bewertungen<\/h2>\t\t\t\t<\/div>\n\t\t\t\t<\/div>\n\t\t\t\t<div class=\"elementor-element elementor-element-9afd61d has-text-align-left elementor-button-align-stretch elementor-widget elementor-widget-site_reviews\" data-id=\"9afd61d\" data-element_type=\"widget\" data-e-type=\"widget\" data-widget_type=\"site_reviews.default\">\n\t\t\t\t<div class=\"elementor-widget-container\">\n\t\t\t\t\t<?xml encoding=\"utf-8\"?><div class=\"glsr-elementor-9afd61d elementor-site-reviews\"><div class=\"glsr glsr-default\" id=\"glsr_gdhohbku\" data-from=\"elementor\" data-shortcode=\"site_reviews\" data-display=\"10\" data-hide=\"verified,response,author\" data-pagination=\"loadmore\" data-rating=\"3\"><div class=\"glsr-reviews-wrap\">\n    <div class=\"glsr-reviews\">\n        <div class=\"glsr-review\" data-id=\"2196\" data-type=\"local\" id=\"review-2196\" data-assigned=\"[]\">\n    <div class=\"glsr-review-title\"><h4 class=\"glsr-tag-value\">Seri&ouml;s, ehrlich und vertrauensw&uuml;rdig<\/h4><\/div>\n    <div class=\"glsr-review-rating\"><div class=\"glsr-star-rating glsr-stars\" role=\"img\" aria-label=\"Rated 5 out of 5 stars\" data-rating=\"5\" data-reviews=\"0\"><span class=\"glsr-star glsr-star-full\" aria-hidden=\"true\"><\/span><span class=\"glsr-star glsr-star-full\" aria-hidden=\"true\"><\/span><span class=\"glsr-star glsr-star-full\" aria-hidden=\"true\"><\/span><span class=\"glsr-star glsr-star-full\" aria-hidden=\"true\"><\/span><span class=\"glsr-star glsr-star-full\" aria-hidden=\"true\"><\/span><\/div><\/div> <div class=\"glsr-review-date\"><span class=\"glsr-tag-value\">February 7, 2026<\/span><\/div>\n    \n    <div class=\"glsr-review-content\"><div class=\"glsr-tag-value\" data-expanded=\"false\"><p>gutes sussehen, freundliche susstrahlung und eine diskrete, stille umgebung. auch menschlich absolut in ordnung &ndash; das ist mir pers&ouml;nlich sehr wichtig:)<\/p><\/div><\/div>\n    \n      \n    \n<\/div>\n<div class=\"glsr-review\" data-id=\"2197\" data-type=\"local\" id=\"review-2197\" data-assigned=\"[]\">\n    <div class=\"glsr-review-title\"><h4 class=\"glsr-tag-value\">Sehr angenehme Pers&ouml;nlichkeit<\/h4><\/div>\n    <div class=\"glsr-review-rating\"><div class=\"glsr-star-rating glsr-stars\" role=\"img\" aria-label=\"Rated 5 out of 5 stars\" data-rating=\"5\" data-reviews=\"0\"><span class=\"glsr-star glsr-star-full\" aria-hidden=\"true\"><\/span><span class=\"glsr-star glsr-star-full\" aria-hidden=\"true\"><\/span><span class=\"glsr-star glsr-star-full\" aria-hidden=\"true\"><\/span><span class=\"glsr-star glsr-star-full\" aria-hidden=\"true\"><\/span><span class=\"glsr-star glsr-star-full\" aria-hidden=\"true\"><\/span><\/div><\/div> <div class=\"glsr-review-date\"><span class=\"glsr-tag-value\">January 29, 2026<\/span><\/div>\n    \n    <div class=\"glsr-review-content\"><div class=\"glsr-tag-value\" data-expanded=\"false\"><p>Nicht nur optisch &uuml;berzeugend, sondern auch menschlich sehr angenehm. Saubere Wohnung, entspannte Atmosph&auml;re und ein ehrlicher Umgang miteinander.<\/p><\/div><\/div>\n    \n      \n    \n<\/div>\n<div class=\"glsr-review\" data-id=\"2193\" data-type=\"local\" id=\"review-2193\" data-assigned=\"[]\">\n    <div class=\"glsr-review-title\"><h4 class=\"glsr-tag-value\">Sehr sympathisch, attraktiv und absolut korrekt<\/h4><\/div>\n    <div class=\"glsr-review-rating\"><div class=\"glsr-star-rating glsr-stars\" role=\"img\" aria-label=\"Rated 5 out of 5 stars\" data-rating=\"5\" data-reviews=\"0\"><span class=\"glsr-star glsr-star-full\" aria-hidden=\"true\"><\/span><span class=\"glsr-star glsr-star-full\" aria-hidden=\"true\"><\/span><span class=\"glsr-star glsr-star-full\" aria-hidden=\"true\"><\/span><span class=\"glsr-star glsr-star-full\" aria-hidden=\"true\"><\/span><span class=\"glsr-star glsr-star-full\" aria-hidden=\"true\"><\/span><\/div><\/div> <div class=\"glsr-review-date\"><span class=\"glsr-tag-value\">November 22, 2025<\/span><\/div>\n    \n    <div class=\"glsr-review-content\"><div class=\"glsr-tag-value\" data-expanded=\"false\"><p>Leider konnte die Online-Session technisch nicht stattfinden, aber das Geld wurde sofort und ohne Diskussion zur&uuml;ckerstattet. So viel Fairness ist selten &ndash; gro&szlig;es Lob!<\/p><\/div><\/div>\n    \n      \n    \n<\/div>\n<div class=\"glsr-review\" data-id=\"2194\" data-type=\"local\" id=\"review-2194\" data-assigned=\"[]\">\n    <div class=\"glsr-review-title\"><h4 class=\"glsr-tag-value\">Top Eindruck in jeder Hinsicht<\/h4><\/div>\n    <div class=\"glsr-review-rating\"><div class=\"glsr-star-rating glsr-stars\" role=\"img\" aria-label=\"Rated 5 out of 5 stars\" data-rating=\"5\" data-reviews=\"0\"><span class=\"glsr-star glsr-star-full\" aria-hidden=\"true\"><\/span><span class=\"glsr-star glsr-star-full\" aria-hidden=\"true\"><\/span><span class=\"glsr-star glsr-star-full\" aria-hidden=\"true\"><\/span><span class=\"glsr-star glsr-star-full\" aria-hidden=\"true\"><\/span><span class=\"glsr-star glsr-star-full\" aria-hidden=\"true\"><\/span><\/div><\/div> <div class=\"glsr-review-date\"><span class=\"glsr-tag-value\">December 10, 2024<\/span><\/div>\n    \n    <div class=\"glsr-review-content\"><div class=\"glsr-tag-value\" data-expanded=\"false\"><p>Sehr gepflegt, sehr freundlich und professionell. Angenehme, ruhige Atmosph&auml;re. Auch bei einem technischen Problem wurde sofort fair reagiert und der Betrag zur&uuml;ck&uuml;berwiesen. Absolut vertrauensw&uuml;rdig.<\/p><\/div><\/div>\n    \n      \n    \n<\/div>\n<div class=\"glsr-review\" data-id=\"2195\" data-type=\"local\" id=\"review-2195\" data-assigned=\"[]\">\n    <div class=\"glsr-review-title\"><h4 class=\"glsr-tag-value\">Attraktiver und gepflegter Eindruck<\/h4><\/div>\n    <div class=\"glsr-review-rating\"><div class=\"glsr-star-rating glsr-stars\" role=\"img\" aria-label=\"Rated 5 out of 5 stars\" data-rating=\"5\" data-reviews=\"0\"><span class=\"glsr-star glsr-star-full\" aria-hidden=\"true\"><\/span><span class=\"glsr-star glsr-star-full\" aria-hidden=\"true\"><\/span><span class=\"glsr-star glsr-star-full\" aria-hidden=\"true\"><\/span><span class=\"glsr-star glsr-star-full\" aria-hidden=\"true\"><\/span><span class=\"glsr-star glsr-star-full\" aria-hidden=\"true\"><\/span><\/div><\/div> <div class=\"glsr-review-date\"><span class=\"glsr-tag-value\">September 10, 2024<\/span><\/div>\n    \n    <div class=\"glsr-review-content\"><div class=\"glsr-tag-value\" data-expanded=\"false\"><p>Alles war sauber, ruhig und angenehm. Man merkt sofort, dass hier Wert van korrektes Verhalten gelegt wird. Absolute Diskretion, genau wie versprochen.<\/p><\/div><\/div>\n    \n      \n    \n<\/div>\n<div class=\"glsr-review\" data-id=\"1864\" data-type=\"local\" id=\"review-1864\" data-assigned=\"[]\">\n    <div class=\"glsr-review-title\"><h4 class=\"glsr-tag-value\">Ehrlich und freundlich alles wie abgemacht!<\/h4><\/div>\n    <div class=\"glsr-review-rating\"><div class=\"glsr-star-rating glsr-stars\" role=\"img\" aria-label=\"Rated 5 out of 5 stars\" data-rating=\"5\" data-reviews=\"0\"><span class=\"glsr-star glsr-star-full\" aria-hidden=\"true\"><\/span><span class=\"glsr-star glsr-star-full\" aria-hidden=\"true\"><\/span><span class=\"glsr-star glsr-star-full\" aria-hidden=\"true\"><\/span><span class=\"glsr-star glsr-star-full\" aria-hidden=\"true\"><\/span><span class=\"glsr-star glsr-star-full\" aria-hidden=\"true\"><\/span><\/div><\/div> <div class=\"glsr-review-date\"><span class=\"glsr-tag-value\">July 24, 2024<\/span><\/div>\n    \n    <div class=\"glsr-review-content\"><div class=\"glsr-tag-value\" data-expanded=\"false\"><p>Das war bestimmt eines meiner besten Videocall Erlebnis! Bin beeindruckt als ich noch nicht gekommen bin hat sie nicht einfach aufgelegt sondern weitergemacht bis ich fertig war.. War mega! Danke Nicole<\/p><\/div><\/div>\n    \n      \n    \n<\/div>\n<div class=\"glsr-review\" data-id=\"1167\" data-type=\"local\" id=\"review-1167\" data-assigned=\"[]\">\n    <div class=\"glsr-review-title\"><h4 class=\"glsr-tag-value\">Achtung Suchtgefahr<\/h4><\/div>\n    <div class=\"glsr-review-rating\"><div class=\"glsr-star-rating glsr-stars\" role=\"img\" aria-label=\"Rated 5 out of 5 stars\" data-rating=\"5\" data-reviews=\"0\"><span class=\"glsr-star glsr-star-full\" aria-hidden=\"true\"><\/span><span class=\"glsr-star glsr-star-full\" aria-hidden=\"true\"><\/span><span class=\"glsr-star glsr-star-full\" aria-hidden=\"true\"><\/span><span class=\"glsr-star glsr-star-full\" aria-hidden=\"true\"><\/span><span class=\"glsr-star glsr-star-full\" aria-hidden=\"true\"><\/span><\/div><\/div> <div class=\"glsr-review-date\"><span class=\"glsr-tag-value\">January 2, 2024<\/span><\/div>\n    \n    <div class=\"glsr-review-content\"><div class=\"glsr-tag-value\" data-expanded=\"false\"><p>Super sexy Frau! Massage der Extraklasse. H&uuml;bsch, sympathisch und man kann mit Nicole reden und gemeinsam lachen.<\/p><\/div><\/div>\n    \n      \n    \n<\/div>\n<div class=\"glsr-review\" data-id=\"965\" data-type=\"local\" id=\"review-965\" data-assigned=\"[]\">\n    <div class=\"glsr-review-title\"><h4 class=\"glsr-tag-value\">Unglaubliches Erlebnis<\/h4><\/div>\n    <div class=\"glsr-review-rating\"><div class=\"glsr-star-rating glsr-stars\" role=\"img\" aria-label=\"Rated 5 out of 5 stars\" data-rating=\"5\" data-reviews=\"0\"><span class=\"glsr-star glsr-star-full\" aria-hidden=\"true\"><\/span><span class=\"glsr-star glsr-star-full\" aria-hidden=\"true\"><\/span><span class=\"glsr-star glsr-star-full\" aria-hidden=\"true\"><\/span><span class=\"glsr-star glsr-star-full\" aria-hidden=\"true\"><\/span><span class=\"glsr-star glsr-star-full\" aria-hidden=\"true\"><\/span><\/div><\/div> <div class=\"glsr-review-date\"><span class=\"glsr-tag-value\">February 28, 2023<\/span><\/div>\n    \n    <div class=\"glsr-review-content\"><div class=\"glsr-tag-value\" data-expanded=\"false\"><p>Ein unglaubliches Massageerlebnis mit einer wundersch&ouml;nen sympathischen Frau. Ich freue mich schon auf das n&auml;chste Date. LG Ralf<\/p><\/div><\/div>\n    \n      \n    \n<\/div>\n<div class=\"glsr-review\" data-id=\"962\" data-type=\"local\" id=\"review-962\" data-assigned=\"[]\">\n    <div class=\"glsr-review-title\"><h4 class=\"glsr-tag-value\">Sehr fein<\/h4><\/div>\n    <div class=\"glsr-review-rating\"><div class=\"glsr-star-rating glsr-stars\" role=\"img\" aria-label=\"Rated 5 out of 5 stars\" data-rating=\"5\" data-reviews=\"0\"><span class=\"glsr-star glsr-star-full\" aria-hidden=\"true\"><\/span><span class=\"glsr-star glsr-star-full\" aria-hidden=\"true\"><\/span><span class=\"glsr-star glsr-star-full\" aria-hidden=\"true\"><\/span><span class=\"glsr-star glsr-star-full\" aria-hidden=\"true\"><\/span><span class=\"glsr-star glsr-star-full\" aria-hidden=\"true\"><\/span><\/div><\/div> <div class=\"glsr-review-date\"><span class=\"glsr-tag-value\">February 27, 2023<\/span><\/div>\n    \n    <div class=\"glsr-review-content\"><div class=\"glsr-tag-value\" data-expanded=\"false\"><p>Meine erste erotische Massage: Nicole ist sehr angenehm, gute Masseurin, sehr sch&ouml;n zum anfassen. Ein ganz feines Erlebnis. Wiederholungsgefahr. Jeremy<\/p><\/div><\/div>\n    \n      \n    \n<\/div>\n<div class=\"glsr-review\" data-id=\"951\" data-type=\"local\" id=\"review-951\" data-assigned=\"[]\">\n    <div class=\"glsr-review-title\"><h4 class=\"glsr-tag-value\">Meine Erwartungen bestens erf&uuml;llt<\/h4><\/div>\n    <div class=\"glsr-review-rating\"><div class=\"glsr-star-rating glsr-stars\" role=\"img\" aria-label=\"Rated 5 out of 5 stars\" data-rating=\"5\" data-reviews=\"0\"><span class=\"glsr-star glsr-star-full\" aria-hidden=\"true\"><\/span><span class=\"glsr-star glsr-star-full\" aria-hidden=\"true\"><\/span><span class=\"glsr-star glsr-star-full\" aria-hidden=\"true\"><\/span><span class=\"glsr-star glsr-star-full\" aria-hidden=\"true\"><\/span><span class=\"glsr-star glsr-star-full\" aria-hidden=\"true\"><\/span><\/div><\/div> <div class=\"glsr-review-date\"><span class=\"glsr-tag-value\">December 1, 2022<\/span><\/div>\n    \n    <div class=\"glsr-review-content\"><div class=\"glsr-tag-value\" data-expanded=\"false\"><p class=\"glsr-hidden-text\" data-show-less=\"Show less\" data-show-more=\"Show more\" data-trigger=\"expand\">Ich war vor ein paar Wochen bei Nicole. Gerade wenn &ldquo;Massage&rdquo; steht, bin ich eher skeptisch. Ich habe nachgefragt, ob sie den wirklich massieren k&ouml;nne und sie hat mir das best&auml;tigt. Es war alles sehr gut. Die Bilder sind echt, sie ist sehr sympathisch, die Massage war wirklich<span class=\"glsr-hidden\"> gut und der Extrateil zum Schluss hat meine Erwartungen bestens erf&uuml;llt.<\/span><\/p><\/div><\/div>\n    \n      \n    \n<\/div>\n    <\/div>\n    <div class=\"glsr-pagination glsr-ajax-loadmore\" data-class=\"glsr glsr-default\" data-display=\"10\" data-hide=\"verified,response,author\" data-id=\"glsr_gdhohbku\" data-pagination=\"loadmore\" data-rating=\"3\"><div class=\"wp-block-buttons is-layout-flex\">\n    <div class=\"wp-block-button\">\n        <button type=\"button\" class=\"glsr-button-loadmore glsr-button wp-block-button__link wp-element-button\" aria-label=\"Load more reviews\" aria-busy=\"false\" data-loading=\"Loading, please wait...\" data-page=\"2\">Load more<\/button>\n    <\/div>\n<\/div><\/div>\n<\/div><\/div><\/div>\n\t\t\t\t<\/div>\n\t\t\t\t<\/div>\n\t\t\t\t\t<\/div>\n\t\t<\/div>\n\t\t\t\t\t<\/div>\n\t\t<\/section>\n\t\t\t\t<section class=\"elementor-section elementor-top-section elementor-element elementor-element-717c2b6 elementor-section-boxed elementor-section-height-default elementor-section-height-default\" data-id=\"717c2b6\" data-element_type=\"section\" data-e-type=\"section\">\n\t\t\t\t\t\t<div class=\"elementor-container elementor-column-gap-default\">\n\t\t\t\t\t<div class=\"elementor-column elementor-col-100 elementor-top-column elementor-element elementor-element-5bf74be\" data-id=\"5bf74be\" data-element_type=\"column\" data-e-type=\"column\">\n\t\t\t<div class=\"elementor-widget-wrap elementor-element-populated\">\n\t\t\t\t\t\t<div class=\"elementor-element elementor-element-cf0be16 elementor-button-align-stretch elementor-widget elementor-widget-site_reviews_form\" data-id=\"cf0be16\" data-element_type=\"widget\" data-e-type=\"widget\" data-widget_type=\"site_reviews_form.default\">\n\t\t\t\t<div class=\"elementor-widget-container\">\n\t\t\t\t\t<?xml encoding=\"utf-8\"?><div class=\"glsr-elementor-cf0be16 elementor-site-reviews-form\"><div class=\"glsr glsr-default\" id=\"glsr_b9z6ahiq\" data-from=\"elementor\" data-shortcode=\"site_reviews_form\" data-hide=\"email,terms,name\"><div class=\"glsr-form-wrap\">\n    <form class=\"glsr-form glsr-review-form\" method=\"post\" enctype=\"multipart\/form-data\">\n        <input type=\"hidden\" name=\"site-reviews[_action]\" value=\"submit-review\">\n<input type=\"hidden\" name=\"site-reviews[_nonce]\" value=\"1e2c2d4dd4\">\n<input type=\"hidden\" name=\"site-reviews[_post_id]\" value=\"246\">\n<input type=\"hidden\" name=\"site-reviews[_referer]\" value=\"\">\n<input type=\"hidden\" name=\"site-reviews[assigned_posts]\" value=\"\">\n<input type=\"hidden\" name=\"site-reviews[assigned_terms]\" value=\"\">\n<input type=\"hidden\" name=\"site-reviews[assigned_users]\" value=\"\">\n<input type=\"hidden\" name=\"site-reviews[excluded]\" value=\"email, terms, name\">\n<input type=\"hidden\" name=\"site-reviews[form_id]\" value=\"glsr_b9z6ahiq\">\n<input type=\"hidden\" name=\"site-reviews[form_signature]\" value=\"nEZ_v93V9_yjEKn2Sr-NyFei83-DsZJ1wP_dswcLRVip69_oGW0ZKxqQ0w-shBe3GMQZbcENttqFClGe4_b0O855EA32GkiWJbhGsxL4DpwG1e2j_guqvHN0EhL81B4tm9T7PgfPOp5fsOOKfKZbRO69FIPYJ8JPHc1gJEqDq1rGly0GLQyBNaW3X3-FSYpayhVXxX6vl4WoOIpamLheqiqfzsPI4QbyHfpVKPIeH-v95pSUoh4FRw66TrZ8YYh47fdzuoCAatm6Bcsn3p5GCXtSyq7GSFmR8ZT8XRb64OKfnKUlR2_rdgAgHPrgCmeW7JDynMrklMtF7SXgT9njIEl6WMIv7nKlkcodd50b0ZzwEeSXNJ-ESB-vkB1cca9Wk2iy25VyviFx6XJPSq4d1H4wlByFeDsUBOCFdolkgj-fDTRDP7ceDen1_Sga5YeL_7iL0UtYyF1qrKScGbs\">\n<input type=\"hidden\" name=\"site-reviews[terms_exist]\" value=\"0\">\n<div class=\"glsr-field\" style=\"display:none;\"><label for=\"site-reviews-376a0a3a-glsr_b9z6ahiq\">Deine Bewertung<\/label><input type=\"text\" class=\"glsr-input glsr-input-text\" id=\"site-reviews-376a0a3a-glsr_b9z6ahiq\" name=\"site-reviews[376a0a3a]\" value=\"\"><\/div>\n<div class=\"glsr-field glsr-field-rating glsr-required\" data-field=\"rating\" data-type=\"rating\">\n    <label class=\"glsr-label\" for=\"glsr_b9z6ahiq-rating\">\n    <span>Bewerten<\/span>\n<\/label>\n    <select class=\"browser-default disable-select glsr-select no-wrap no_wrap\" id=\"glsr_b9z6ahiq-rating\" name=\"site-reviews[rating]\" required><option value=\"\">Select a Rating<\/option><option value=\"5\">5 Stars<\/option><option value=\"4\">4 Stars<\/option><option value=\"3\">3 Stars<\/option><option value=\"2\">2 Stars<\/option><option value=\"1\">1 Star<\/option><\/select>\n    <div class=\"glsr-field-error\"><\/div>\n<\/div>\n<div class=\"glsr-field glsr-field-text glsr-required\" data-field=\"title\" data-type=\"text\">\n    <label class=\"glsr-label\" for=\"glsr_b9z6ahiq-title\">\n    <span>Titel<\/span>\n<\/label>\n    <input type=\"text\" class=\"glsr-input glsr-input-text\" id=\"glsr_b9z6ahiq-title\" name=\"site-reviews[title]\" required placeholder=\"Zusammenfassung der Bewertung\" value=\"\">\n    <div class=\"glsr-field-error\"><\/div>\n<\/div>\n<div class=\"glsr-field glsr-field-textarea glsr-required\" data-field=\"content\" data-type=\"textarea\">\n    <label class=\"glsr-label\" for=\"glsr_b9z6ahiq-content\">\n    <span>Deine Bewertung<\/span>\n<\/label>\n    <textarea class=\"glsr-textarea\" id=\"glsr_b9z6ahiq-content\" name=\"site-reviews[content]\" required placeholder=\"Erz&auml;hl uns mehr zu Deinem Termin\" rows=\"5\"><\/textarea>\n    <div class=\"glsr-field-error\"><\/div>\n<\/div>\n        <div class=\"glsr-form-message\">\n    \n<\/div>\n        <div data-field=\"submit-button\">\n    <div class=\"wp-block-buttons is-layout-flex\">\n        <div class=\"wp-block-button\">\n            <button type=\"submit\" class=\"glsr-button wp-block-button__link wp-element-button\" aria-busy=\"false\" data-loading=\"Bewertung abschicken\">Submit Review<\/button>\n        <\/div>\n    <\/div>\n<\/div>\n    <\/form>\n<\/div><\/div><\/div>\n\t\t\t\t<\/div>\n\t\t\t\t<\/div>\n\t\t\t\t\t<\/div>\n\t\t<\/div>\n\t\t\t\t\t<\/div>\n\t\t<\/section>\n\t\t\t\t<\/div>\n\t\t","protected":false},"excerpt":{"rendered":"<p>Meine Verf\u00fcgbarkeit Nicht immer, aber oft! Da ich noch einer anderen T\u00e4tigkeit nachgehe, bin ich f\u00fcr Massage nicht immer sofort erreichbar!\u00a0 Mindestens eine Stunde vor dem gew\u00fcnschten Termin anrufen! \u00a0Montag &#8211; Freitag \u00a0 9 &#8211; 23 Uhr \u00a0Samstag \u00a0 \u00a0 10 &#8211; 21 Uhr \u00a0Sonntag \u00a0 \u00a0 10 &#8211; 21 Uhr Meine Bewertungen Sinnliche Momente &hellip; <\/p>\n<p class=\"link-more\"><a href=\"https:\/\/geniessmich.ch\/?page_id=246\" class=\"more-link\">Read more<span class=\"screen-reader-text\"> &#8220;Termin vereinbaren&#8221;<\/span><\/a><\/p>\n","protected":false},"author":1,"featured_media":0,"parent":0,"menu_order":0,"comment_status":"closed","ping_status":"closed","template":"","meta":{"_monsterinsights_skip_tracking":false,"_monsterinsights_sitenote_active":false,"_monsterinsights_sitenote_note":"","_monsterinsights_sitenote_category":0,"_glsr_average":0,"_glsr_ranking":0,"_glsr_reviews":0,"inspiro_hide_title":false,"footnotes":""},"class_list":["post-246","page","type-page","status-publish","hentry"],"_links":{"self":[{"href":"https:\/\/geniessmich.ch\/index.php?rest_route=\/wp\/v2\/pages\/246","targetHints":{"allow":["GET"]}}],"collection":[{"href":"https:\/\/geniessmich.ch\/index.php?rest_route=\/wp\/v2\/pages"}],"about":[{"href":"https:\/\/geniessmich.ch\/index.php?rest_route=\/wp\/v2\/types\/page"}],"author":[{"embeddable":true,"href":"https:\/\/geniessmich.ch\/index.php?rest_route=\/wp\/v2\/users\/1"}],"replies":[{"embeddable":true,"href":"https:\/\/geniessmich.ch\/index.php?rest_route=%2Fwp%2Fv2%2Fcomments&post=246"}],"version-history":[{"count":65,"href":"https:\/\/geniessmich.ch\/index.php?rest_route=\/wp\/v2\/pages\/246\/revisions"}],"predecessor-version":[{"id":740,"href":"https:\/\/geniessmich.ch\/index.php?rest_route=\/wp\/v2\/pages\/246\/revisions\/740"}],"wp:attachment":[{"href":"https:\/\/geniessmich.ch\/index.php?rest_route=%2Fwp%2Fv2%2Fmedia&parent=246"}],"curies":[{"name":"wp","href":"https:\/\/api.w.org\/{rel}","templated":true}]}}